{"id":160,"date":"2024-06-10T23:46:43","date_gmt":"2024-06-10T23:46:43","guid":{"rendered":"https:\/\/pizzastore.codrcluster.com.br\/?post_type=product&#038;p=160"},"modified":"2024-06-13T14:37:44","modified_gmt":"2024-06-13T14:37:44","slug":"baihana","status":"publish","type":"product","link":"https:\/\/pizzastore.codrcluster.com.br\/?product=baihana","title":{"rendered":"5 Queijos"},"content":{"rendered":"","protected":false},"excerpt":{"rendered":"<p>Molho, mu\u00e7arela, provolone, gorgonzola, parmes\u00e3o, catupiry e or\u00e9gano<\/p>\n","protected":false},"featured_media":516,"comment_status":"open","ping_status":"closed","template":"","meta":[],"product_cat":[34],"product_tag":[33],"class_list":{"0":"post-160","1":"product","2":"type-product","3":"status-publish","4":"has-post-thumbnail","6":"product_cat-pizza-salgada","7":"product_tag-pizza-salgada","9":"first","10":"instock","11":"shipping-taxable","12":"purchasable","13":"product-type-simple"},"_links":{"self":[{"href":"https:\/\/pizzastore.codrcluster.com.br\/index.php?rest_route=\/wp\/v2\/product\/160","targetHints":{"allow":["GET"]}}],"collection":[{"href":"https:\/\/pizzastore.codrcluster.com.br\/index.php?rest_route=\/wp\/v2\/product"}],"about":[{"href":"https:\/\/pizzastore.codrcluster.com.br\/index.php?rest_route=\/wp\/v2\/types\/product"}],"replies":[{"embeddable":true,"href":"https:\/\/pizzastore.codrcluster.com.br\/index.php?rest_route=%2Fwp%2Fv2%2Fcomments&post=160"}],"wp:featuredmedia":[{"embeddable":true,"href":"https:\/\/pizzastore.codrcluster.com.br\/index.php?rest_route=\/wp\/v2\/media\/516"}],"wp:attachment":[{"href":"https:\/\/pizzastore.codrcluster.com.br\/index.php?rest_route=%2Fwp%2Fv2%2Fmedia&parent=160"}],"wp:term":[{"taxonomy":"product_cat","embeddable":true,"href":"https:\/\/pizzastore.codrcluster.com.br\/index.php?rest_route=%2Fwp%2Fv2%2Fproduct_cat&post=160"},{"taxonomy":"product_tag","embeddable":true,"href":"https:\/\/pizzastore.codrcluster.com.br\/index.php?rest_route=%2Fwp%2Fv2%2Fproduct_tag&post=160"}],"curies":[{"name":"wp","href":"https:\/\/api.w.org\/{rel}","templated":true}]}}